{"id":21,"date":"2015-07-21T10:59:04","date_gmt":"2015-07-21T10:59:04","guid":{"rendered":"http:\/\/stadtentwicklung-obernkirchen.de\/?page_id=21"},"modified":"2022-10-17T10:57:55","modified_gmt":"2022-10-17T10:57:55","slug":"stadtentwicklung","status":"publish","type":"page","link":"http:\/\/stadtentwicklung-obernkirchen.de\/?page_id=21","title":{"rendered":"Stadtentwicklung"},"content":{"rendered":"\n<p><\/p>\n\n\n\n<p><\/p>\n\n\n\n<p class=\"has-medium-font-size\"><strong>Die Stadt mit Weitblick entwickelt sich<\/strong>&#8230;<\/p>\n\n\n\n<p>Neben der B\u00fcndelung der st\u00e4dtischen Beteiligungen ist die Sparte \u201eStadtentwicklung\u201c eine der Keimzellen der OSB. Sie beinhaltet die Themenbereiche \u201eErschlie\u00dfungs- und Bauma\u00dfnahmen\u201c sowie \u201eStadtmarketing\u201c.<\/p>\n\n\n\n<p>Ganz konkret lagen bislang die Schwerpunktsetzungen in der <strong>Erhaltung historisch wertvoller und das Stadtbild pr\u00e4gender Geb\u00e4ude sowie in der Vermeidung\/Reduzierung von Leerst\u00e4nden<\/strong>. Dar\u00fcber hinaus werden Gesch\u00e4ftsr\u00e4ume f\u00fcr die Infrastruktur oder die Nahversorgung vorgehalten und vermarktet.<\/p>\n\n\n\n<p>Die einzelnen Teilbereiche sind nicht klar voneinander abgrenzbar; beispielsweise erfolgen Bauma\u00dfnahmen selbstredend nicht als Selbstzweck, vielmehr dienen sie unmittelbar dem Stadtmarketing.<\/p>\n\n\n\n<p class=\"has-medium-font-size\" style=\"font-style:normal;font-weight:600\"><strong><u>Bauma\u00dfnahmen<\/u><\/strong><\/p>\n\n\n\n<p>Abgeschlossen wurden in den letzten Jahren <strong>zwei Gro\u00dfprojekte<\/strong>:<\/p>\n\n\n\n<ul><li>Die Erhaltung und Generalinstandsetzung des denkmalgesch\u00fctzten ehemaligen Pfarrhauses in der Langen Str. 1 und<\/li><li>der Umbau des fr\u00fcheren Discounters am Bornemannplatz 4.<\/li><\/ul>\n\n\n\n<p>In dem ehemaligen Pfarrhaus haben die \u00f6rtliche Polizeiwache und die Sch\u00fclerhilfe einen zentralen Dienstsitz in Obernkirchen gefunden. Die OSB freut sich, dass sie mit Unterst\u00fctzung staatlicher F\u00f6rdermittel in die Lage versetzt wurde, das Geb\u00e4ude in seinem historischen Charme erhalten zu k\u00f6nnen.<\/p>\n\n\n\n<p>Nachdem der fr\u00fcher das Geb\u00e4ude <strong>Bormenannplatz 4<\/strong> nutzende Discounter seinen Standort verlegt hatte, stand es einige Jahre leer. Der Leerstand war nicht nur ein optischer Mangel; vielmehr war die Bausubstanz leider dem Vandalismus und dem drohenden Verfall ausgesetzt.<\/p>\n\n\n\n<p>Auch f\u00fcr den Umbau dieser Liegenschaft wurden erhebliche staatliche F\u00f6rderungen bewilligt, mit denen das moderne \u201e<strong>Stadthaus B4<\/strong>\u201c als zentraler innerst\u00e4dtischer Treffpunkt \u00fcber die Generationengrenzen hinweg geschaffen werden konnte. Das <strong>st\u00e4dtische Jugendzentrum<\/strong> betreibt hier ihr \u201e<strong>Haus der offenen T\u00fcr<\/strong>\u201c, der <strong>Kinderschutzbund<\/strong> bietet Sprechtage an, die <strong>Obernkirchen Raptors<\/strong> haben in ihm ihr Vereinsheim mit Trainingsm\u00f6glichkeit gefunden. Dar\u00fcber hinaus ist es konzeptionell als <strong>Stadthalle <\/strong>ausgelegt und kann entsprechend genutzt werden.<\/p>\n\n\n\n<p class=\"has-medium-font-size\" style=\"font-style:normal;font-weight:600\"><strong><u>Erschlie\u00dfungsma\u00dfnahmen<\/u><\/strong><\/p>\n\n\n\n<p>Dieses Themenfeld ist noch ein optionales; da Erschlie\u00dfung und Vermarktung neuer Baugebiete erhebliche finanzielle und personelle Ressourcen binden, hat die OSB bislang privaten Erschlie\u00dfungstr\u00e4gern der Vortritt gelassen, um ihre Kr\u00e4fte auf andere Projekte konzentrieren zu k\u00f6nnen.<\/p>\n\n\n\n<p>Der mit der Niedrigzinspolitik der EZB forcierte Bauboom hat die Best\u00e4nde an bebaubaren Grundst\u00fccken in den letzten Jahren nahezu g\u00e4nzlich aufgebraucht. Wie sich dieses Marktsegment im Hinblick auf die exorbitanten Preissteigerungsraten in der Bauwirtschaft verbunden mit dem aktuellen Anstieg der Lebenshaltungskosten entwickeln wird, bleibt abzuwarten.<\/p>\n\n\n\n<p>Tendenziell werden die St\u00e4dte und Gemeinden, so auch Obernkirchen, weiterhin neue Fl\u00e4chen f\u00fcr die Wohnbebauung erschlie\u00dfen und bereitstellen m\u00fcssen.<\/p>\n\n\n\n<p>Die OSB wird dies Situation auf dem Grundst\u00fccksmarkt genau beobachten und sich ggf. des Themas Erschlie\u00dfungsma\u00dfnahmen mit und f\u00fcr die Stadt Obernkirchen annehmen.<\/p>\n\n\n\n<hr class=\"wp-block-separator has-alpha-channel-opacity\"\/>\n\n\n\n<p><\/p>\n\n\n\n<p class=\"has-medium-font-size\" style=\"font-style:normal;font-weight:600\"><strong><u>Stadtmarketing<\/u><\/strong><\/p>\n\n\n\n<p>Vereinfacht gesagt, beinhaltet das Stadtmarketing all dasjenige, das dazu dient, unsere Stadt <strong>Obernkirchen als lebenswertes Zuhause<\/strong> zu erhalten und ihren Wohnwert weiter zu erh\u00f6hen.<\/p>\n\n\n\n<p>Wir freuen uns beispielsweise besonders dar\u00fcber, dass wir mit der Ver\u00e4u\u00dferung unserer Grundst\u00fccke in der Friedrich-Ebert-Stra\u00dfe einen kleinen Beitrag zur Sicherung der Hausarztversorgung in Obernkirchen leisten konnten. <\/p>\n","protected":false},"excerpt":{"rendered":"<p>Die Stadt mit Weitblick entwickelt sich&#8230; Neben der B\u00fcndelung der st\u00e4dtischen Beteiligungen ist die Sparte \u201eStadtentwicklung\u201c eine der Keimzellen der OSB. Sie beinhaltet die Themenbereiche \u201eErschlie\u00dfungs- und Bauma\u00dfnahmen\u201c sowie \u201eStadtmarketing\u201c. Ganz konkret lagen bislang die Schwerpunktsetzungen in der Erhaltung historisch wertvoller und das Stadtbild pr\u00e4gender Geb\u00e4ude sowie in der Vermeidung\/Reduzierung von Leerst\u00e4nden. Dar\u00fcber hinaus werden Gesch\u00e4ftsr\u00e4ume f\u00fcr die Infrastruktur oder die Nahversorgung vorgehalten und vermarktet. Die einzelnen Teilbereiche sind nicht klar voneinander abgrenzbar; beispielsweise erfolgen Bauma\u00dfnahmen selbstredend nicht als Selbstzweck, vielmehr dienen sie unmittelbar dem Stadtmarketing. Bauma\u00dfnahmen Abgeschlossen wurden in den letzten Jahren zwei Gro\u00dfprojekte: Die Erhaltung und Generalinstandsetzung des denkmalgesch\u00fctzten ehemaligen Pfarrhauses in der Langen Str. 1 und der<\/p>\n","protected":false},"author":4,"featured_media":0,"parent":13,"menu_order":1,"comment_status":"closed","ping_status":"closed","template":"fullwidth.php","meta":{"jetpack_post_was_ever_published":false,"_mc_calendar":[]},"jetpack_sharing_enabled":true,"jetpack_shortlink":"https:\/\/wp.me\/P6yaA8-l","_links":{"self":[{"href":"http:\/\/stadtentwicklung-obernkirchen.de\/index.php?rest_route=\/wp\/v2\/pages\/21"}],"collection":[{"href":"http:\/\/stadtentwicklung-obernkirchen.de\/index.php?rest_route=\/wp\/v2\/pages"}],"about":[{"href":"http:\/\/stadtentwicklung-obernkirchen.de\/index.php?rest_route=\/wp\/v2\/types\/page"}],"author":[{"embeddable":true,"href":"http:\/\/stadtentwicklung-obernkirchen.de\/index.php?rest_route=\/wp\/v2\/users\/4"}],"replies":[{"embeddable":true,"href":"http:\/\/stadtentwicklung-obernkirchen.de\/index.php?rest_route=%2Fwp%2Fv2%2Fcomments&post=21"}],"version-history":[{"count":32,"href":"http:\/\/stadtentwicklung-obernkirchen.de\/index.php?rest_route=\/wp\/v2\/pages\/21\/revisions"}],"predecessor-version":[{"id":1488,"href":"http:\/\/stadtentwicklung-obernkirchen.de\/index.php?rest_route=\/wp\/v2\/pages\/21\/revisions\/1488"}],"up":[{"embeddable":true,"href":"http:\/\/stadtentwicklung-obernkirchen.de\/index.php?rest_route=\/wp\/v2\/pages\/13"}],"wp:attachment":[{"href":"http:\/\/stadtentwicklung-obernkirchen.de\/index.php?rest_route=%2Fwp%2Fv2%2Fmedia&parent=21"}],"curies":[{"name":"wp","href":"https:\/\/api.w.org\/{rel}","templated":true}]}}