{"id":23,"date":"2015-07-21T10:59:25","date_gmt":"2015-07-21T10:59:25","guid":{"rendered":"http:\/\/stadtentwicklung-obernkirchen.de\/?page_id=23"},"modified":"2022-10-06T20:01:43","modified_gmt":"2022-10-06T20:01:43","slug":"kommunalservice","status":"publish","type":"page","link":"http:\/\/stadtentwicklung-obernkirchen.de\/?page_id=23","title":{"rendered":"Kommunalservice"},"content":{"rendered":"\n<p><\/p>\n\n\n\n<p class=\"has-medium-font-size\"><strong>Kommunalservice &#8211; die OSB als kommunaler Dienstleister<\/strong><\/p>\n\n\n\n<p>Nichteingeweihte werden mit der Begrifflichkeit \u201eKommunalservice\u201c kaum Assoziationen verbinden; daher hier nun die Erkl\u00e4rung:<\/p>\n\n\n\n<p>Mit dieser Sparte ist die OSB als Finanzierungsleasinggeberin f\u00fcr die Stadt Obernkirchen (und in geringem Umfang auch andere Kommunen) t\u00e4tig. Sie erwirbt insbesondere Fahrzeuge, welche sie dann vermietet. Beispiele hierf\u00fcr sind der st\u00e4dtische Dienstwagen sowie mehrere Fahrzeuge des Baubetriebshofes.<\/p>\n\n\n\n<p>Die dahinterstehende Idee ist, dass die Finanzierung derartiger Investitionen im Stadthaushalt nur \u00fcber Kreditaufnahmen m\u00f6glich w\u00e4re. Da deren H\u00f6he der staatlichen Kontrolle unterliegt, sind diesbez\u00fcgliche M\u00f6glichkeiten begrenzt, und es sind Fallgestaltungen denkbar, in denen sich beispielsweise der Ersatz eines dauerhaft ausgefallenen Fahrzeuges problematisch gestaltete. Die OSB unterliegt nicht den haushaltsrechtlichen Restriktionen, wodurch ihr ein grunds\u00e4tzlich flexibleres Handeln erm\u00f6glicht ist.<\/p>\n\n\n\n<p>Da die aus den Investitionen resultierenden Aufwendungen durch die Ertr\u00e4ge aus den langfristigen Vermietungsvertr\u00e4gen g\u00e4nzlich gedeckt werden, ist dieses Gesch\u00e4ftsmodell ohne wirtschaftliche Risiken f\u00fcr das Unternehmen.<\/p>\n","protected":false},"excerpt":{"rendered":"<p>Kommunalservice &#8211; die OSB als kommunaler Dienstleister Nichteingeweihte werden mit der Begrifflichkeit \u201eKommunalservice\u201c kaum Assoziationen verbinden; daher hier nun die Erkl\u00e4rung: Mit dieser Sparte ist die OSB als Finanzierungsleasinggeberin f\u00fcr die Stadt Obernkirchen (und in geringem Umfang auch andere Kommunen) t\u00e4tig. Sie erwirbt insbesondere Fahrzeuge, welche sie dann vermietet. Beispiele hierf\u00fcr sind der st\u00e4dtische Dienstwagen sowie mehrere Fahrzeuge des Baubetriebshofes. Die dahinterstehende Idee ist, dass die Finanzierung derartiger Investitionen im Stadthaushalt nur \u00fcber Kreditaufnahmen m\u00f6glich w\u00e4re. Da deren H\u00f6he der staatlichen Kontrolle unterliegt, sind diesbez\u00fcgliche M\u00f6glichkeiten begrenzt, und es sind Fallgestaltungen denkbar, in denen sich beispielsweise der Ersatz eines dauerhaft ausgefallenen Fahrzeuges problematisch gestaltete. Die OSB unterliegt nicht den haushaltsrechtlichen<\/p>\n","protected":false},"author":4,"featured_media":0,"parent":13,"menu_order":2,"comment_status":"closed","ping_status":"closed","template":"fullwidth.php","meta":{"jetpack_post_was_ever_published":false,"_mc_calendar":[]},"jetpack_sharing_enabled":true,"jetpack_shortlink":"https:\/\/wp.me\/P6yaA8-n","_links":{"self":[{"href":"http:\/\/stadtentwicklung-obernkirchen.de\/index.php?rest_route=\/wp\/v2\/pages\/23"}],"collection":[{"href":"http:\/\/stadtentwicklung-obernkirchen.de\/index.php?rest_route=\/wp\/v2\/pages"}],"about":[{"href":"http:\/\/stadtentwicklung-obernkirchen.de\/index.php?rest_route=\/wp\/v2\/types\/page"}],"author":[{"embeddable":true,"href":"http:\/\/stadtentwicklung-obernkirchen.de\/index.php?rest_route=\/wp\/v2\/users\/4"}],"replies":[{"embeddable":true,"href":"http:\/\/stadtentwicklung-obernkirchen.de\/index.php?rest_route=%2Fwp%2Fv2%2Fcomments&post=23"}],"version-history":[{"count":14,"href":"http:\/\/stadtentwicklung-obernkirchen.de\/index.php?rest_route=\/wp\/v2\/pages\/23\/revisions"}],"predecessor-version":[{"id":1040,"href":"http:\/\/stadtentwicklung-obernkirchen.de\/index.php?rest_route=\/wp\/v2\/pages\/23\/revisions\/1040"}],"up":[{"embeddable":true,"href":"http:\/\/stadtentwicklung-obernkirchen.de\/index.php?rest_route=\/wp\/v2\/pages\/13"}],"wp:attachment":[{"href":"http:\/\/stadtentwicklung-obernkirchen.de\/index.php?rest_route=%2Fwp%2Fv2%2Fmedia&parent=23"}],"curies":[{"name":"wp","href":"https:\/\/api.w.org\/{rel}","templated":true}]}}