{"id":700,"date":"2022-09-20T13:57:20","date_gmt":"2022-09-20T13:57:20","guid":{"rendered":"http:\/\/stadtentwicklung-obernkirchen.de\/?page_id=700"},"modified":"2022-10-06T20:04:06","modified_gmt":"2022-10-06T20:04:06","slug":"strom","status":"publish","type":"page","link":"http:\/\/stadtentwicklung-obernkirchen.de\/?page_id=700","title":{"rendered":"Strom"},"content":{"rendered":"\n<p><\/p>\n\n\n\n<p class=\"has-medium-font-size\"><\/p>\n\n\n\n<p class=\"has-text-align-left has-medium-font-size\"><strong>Die OSB setzt auf Sonnenkraft f\u00fcr Obernkirchen<\/strong><\/p>\n\n\n\n<p>Funktionierende Stromversorgung ist die Lebensader unserer Zivilisation. Alle Errungenschaften des t\u00e4glichen Lebens sind unmittelbar und in G\u00e4nze von der Verf\u00fcgbarkeit von elektrischer Energie abh\u00e4ngig \u2013 nicht nur die offensichtlichen Elektroger\u00e4te, die uns den Alltag erleichtern, und die Produktion von Waren und Dienstleistungen, sondern vielmehr auch die (\u00fcber-)lebenswichtigen Infrastrukturen der Daseinsvorsorge sind von ihr abh\u00e4ngig. Ohne Strom l\u00e4uft gar Nichts: kein Trinkwasser, keine Abwasserentsorgung, keine Brennstoffversorgung, keine Lebensmittelherstellung und deren Auslieferung an die Gesch\u00e4fte; unser komplettes Geld- und Bankensystem ist stromabh\u00e4ngig.<\/p>\n\n\n\n<p><strong>Strom ist <u>DIE<\/u> kritische Infrastruktur f\u00fcr unsere Gesellschaft \u00fcberhaupt!<\/strong><\/p>\n\n\n\n<p>Wie auf unserer Site zur Vorstellung der Sparte \u201eBeteiligungen\/Energiewirtschaft\u201c bereits skizziert, hat sich die OSB aufgemacht, sich das Gesch\u00e4ftsfeld \u201eStrom(-produktion)\u201c als neues zu erschlie\u00dfen.<\/p>\n\n\n\n<p>War die durch CO<sub>2<\/sub>-Emissionen und den daraus resultierenden Treibhauseffekt sich seit Jahren abzeichnende Klimakrise Initialpunkt, \u00fcber die Vergr\u00f6\u00dferung des Anteils regenerativer Energien an der Stromerzeugung ernsthaft nachzudenken und diese sukzessive einzuf\u00fchren, so zeigt die aktuell durch den russischen \u00dcberfall auf die Ukraine entstandene Energiekrise, welch gro\u00dfe Schritte noch notwendig und erforderlich und \u00fcberf\u00e4llig, aber auch m\u00f6glich sind, um uns aus der Abh\u00e4ngigkeit von fossilen Brennstoffen zu l\u00f6sen.<\/p>\n\n\n\n<p>Die Sonne scheint jeden Tag, und sie wird dieses noch in Milliarden Jahren tun. Sie versorgt uns jeden Tag mit riesigen Mengen an Energie, die die Erde \u00fcberhaupt erst bewohnbar machen.<\/p>\n\n\n\n<p class=\"has-medium-font-size\"><strong>Was also liegt n\u00e4her, als diese nahezu unbegrenzte Energie auch zu nutzen?!<\/strong><\/p>\n\n\n\n<p>Die OSB will genau diesen Weg beschreiten: Sie wird sich ein weiteres Standbein als Betreiberin von Photovoltaik-Anlagen schaffen \u2013 zum Einen auf eigenen Grundst\u00fccken und Geb\u00e4uden, zum Anderen als Partnerin der Stadt Obernkirchen, die hier eine Vorreiterrolle einnehmen will. Eine Priorisierung der infrage kommenden st\u00e4dtischen Dachfl\u00e4chen befindet sich aktuell in Erstellung.<\/p>\n\n\n\n<p><strong>Als eine der ersten \u00dcberlegungen ist eine Teil\u00fcberdachung des Parkplatzes \u201eBornemannplatz\u201c ins Auge gefasst; die Pr\u00fcfung ihrer Realisierbarkeit hat grade begonnen.<\/strong><\/p>\n\n\n\n<p>Neben dem zu erzielenden wirtschaftlichen Erfolg durch die Vermarktung des PV-Stroms verspricht sich die OSB mit diesem Einstieg auch einen kleinen Beitrag dazu beizutragen, \u201eunsauberen\u201c Strom zur\u00fcckzudr\u00e4ngen.<\/p>\n\n\n\n<p>Stand: September 2022<\/p>\n","protected":false},"excerpt":{"rendered":"<p>Die OSB setzt auf Sonnenkraft f\u00fcr Obernkirchen Funktionierende Stromversorgung ist die Lebensader unserer Zivilisation. Alle Errungenschaften des t\u00e4glichen Lebens sind unmittelbar und in G\u00e4nze von der Verf\u00fcgbarkeit von elektrischer Energie abh\u00e4ngig \u2013 nicht nur die offensichtlichen Elektroger\u00e4te, die uns den Alltag erleichtern, und die Produktion von Waren und Dienstleistungen, sondern vielmehr auch die (\u00fcber-)lebenswichtigen Infrastrukturen der Daseinsvorsorge sind von ihr abh\u00e4ngig. Ohne Strom l\u00e4uft gar Nichts: kein Trinkwasser, keine Abwasserentsorgung, keine Brennstoffversorgung, keine Lebensmittelherstellung und deren Auslieferung an die Gesch\u00e4fte; unser komplettes Geld- und Bankensystem ist stromabh\u00e4ngig. Strom ist DIE kritische Infrastruktur f\u00fcr unsere Gesellschaft \u00fcberhaupt! Wie auf unserer Site zur Vorstellung der Sparte \u201eBeteiligungen\/Energiewirtschaft\u201c bereits skizziert, hat sich die<\/p>\n","protected":false},"author":3,"featured_media":0,"parent":0,"menu_order":0,"comment_status":"closed","ping_status":"closed","template":"fullwidth.php","meta":{"jetpack_post_was_ever_published":false,"_mc_calendar":[]},"jetpack_sharing_enabled":true,"jetpack_shortlink":"https:\/\/wp.me\/P6yaA8-bi","_links":{"self":[{"href":"http:\/\/stadtentwicklung-obernkirchen.de\/index.php?rest_route=\/wp\/v2\/pages\/700"}],"collection":[{"href":"http:\/\/stadtentwicklung-obernkirchen.de\/index.php?rest_route=\/wp\/v2\/pages"}],"about":[{"href":"http:\/\/stadtentwicklung-obernkirchen.de\/index.php?rest_route=\/wp\/v2\/types\/page"}],"author":[{"embeddable":true,"href":"http:\/\/stadtentwicklung-obernkirchen.de\/index.php?rest_route=\/wp\/v2\/users\/3"}],"replies":[{"embeddable":true,"href":"http:\/\/stadtentwicklung-obernkirchen.de\/index.php?rest_route=%2Fwp%2Fv2%2Fcomments&post=700"}],"version-history":[{"count":3,"href":"http:\/\/stadtentwicklung-obernkirchen.de\/index.php?rest_route=\/wp\/v2\/pages\/700\/revisions"}],"predecessor-version":[{"id":1043,"href":"http:\/\/stadtentwicklung-obernkirchen.de\/index.php?rest_route=\/wp\/v2\/pages\/700\/revisions\/1043"}],"wp:attachment":[{"href":"http:\/\/stadtentwicklung-obernkirchen.de\/index.php?rest_route=%2Fwp%2Fv2%2Fmedia&parent=700"}],"curies":[{"name":"wp","href":"https:\/\/api.w.org\/{rel}","templated":true}]}}