{"id":33,"date":"2015-07-21T11:50:40","date_gmt":"2015-07-21T11:50:40","guid":{"rendered":"http:\/\/stadtentwicklung-obernkirchen.de\/?page_id=33"},"modified":"2023-05-02T09:47:14","modified_gmt":"2023-05-02T09:47:14","slug":"kontakt","status":"publish","type":"page","link":"https:\/\/stadtentwicklung-obernkirchen.de\/?page_id=33","title":{"rendered":"Kontakt"},"content":{"rendered":"<h2>&nbsp;<\/h2>\n<h2>Ihre Ansprechpartner<\/h2>\n<h3><strong>Gesch\u00e4ftsf\u00fchrung<\/strong><\/h3>\n<h4>Helmut Z\u00fcchner<\/h4>\n<p>Tel. +49 5724 395 39<\/p>\n<p>E-Mail: hzuechner@obernkirchen.de<\/p>\n<h3>&nbsp;<\/h3>\n<h3><strong>B\u00fcrgermeisterin als Vorsitzende der Gesellschafterversammlung<\/strong><\/h3>\n<h4>D\u00f6rte Worm-Kressin<\/h4>\n<p>Tel. +49 5724 395 30<\/p>\n<p>E-Mail: doerte.worm-kressin@obernkirchen.de<\/p>\n<p><\/p>\n\n\n<hr class=\"wp-block-separator has-alpha-channel-opacity\"\/>\n\n\n\n<p class=\"has-medium-font-size\">Senden Sie uns gern eine Nachricht!<\/p>\n\n\n\n<h2 class=\"wp-block-heading has-small-font-size\">Kontaktformular<\/h2>\n\n\n<div class=\"wp-block-jetpack-contact-form\"><a href=\"https:\/\/stadtentwicklung-obernkirchen.de\/?page_id=33\" target=\"_blank\" rel=\"noopener noreferrer\">Formular einreichen.<\/a><\/div>\n\n\n<p><\/p>\n","protected":false},"excerpt":{"rendered":"<p>&nbsp; Ihre Ansprechpartner Gesch\u00e4ftsf\u00fchrung Helmut Z\u00fcchner Tel. +49 5724 395 39 E-Mail: hzuechner@obernkirchen.de &nbsp; B\u00fcrgermeisterin als Vorsitzende der Gesellschafterversammlung D\u00f6rte Worm-Kressin Tel. +49 5724 395 30 E-Mail: doerte.worm-kressin@obernkirchen.de Senden Sie uns gern eine Nachricht! Kontaktformular<\/p>\n","protected":false},"author":4,"featured_media":0,"parent":0,"menu_order":30,"comment_status":"closed","ping_status":"closed","template":"fullwidth.php","meta":{"jetpack_post_was_ever_published":false,"_mc_calendar":[]},"jetpack_sharing_enabled":true,"jetpack_shortlink":"https:\/\/wp.me\/P6yaA8-x","_links":{"self":[{"href":"https:\/\/stadtentwicklung-obernkirchen.de\/index.php?rest_route=\/wp\/v2\/pages\/33"}],"collection":[{"href":"https:\/\/stadtentwicklung-obernkirchen.de\/index.php?rest_route=\/wp\/v2\/pages"}],"about":[{"href":"https:\/\/stadtentwicklung-obernkirchen.de\/index.php?rest_route=\/wp\/v2\/types\/page"}],"author":[{"embeddable":true,"href":"https:\/\/stadtentwicklung-obernkirchen.de\/index.php?rest_route=\/wp\/v2\/users\/4"}],"replies":[{"embeddable":true,"href":"https:\/\/stadtentwicklung-obernkirchen.de\/index.php?rest_route=%2Fwp%2Fv2%2Fcomments&post=33"}],"version-history":[{"count":31,"href":"https:\/\/stadtentwicklung-obernkirchen.de\/index.php?rest_route=\/wp\/v2\/pages\/33\/revisions"}],"predecessor-version":[{"id":7701,"href":"https:\/\/stadtentwicklung-obernkirchen.de\/index.php?rest_route=\/wp\/v2\/pages\/33\/revisions\/7701"}],"wp:attachment":[{"href":"https:\/\/stadtentwicklung-obernkirchen.de\/index.php?rest_route=%2Fwp%2Fv2%2Fmedia&parent=33"}],"curies":[{"name":"wp","href":"https:\/\/api.w.org\/{rel}","templated":true}]}}