{"id":653,"date":"2022-09-19T07:45:29","date_gmt":"2022-09-19T07:45:29","guid":{"rendered":"http:\/\/stadtentwicklung-obernkirchen.de\/?page_id=653"},"modified":"2022-10-06T20:10:48","modified_gmt":"2022-10-06T20:10:48","slug":"baederbetrieb","status":"publish","type":"page","link":"https:\/\/stadtentwicklung-obernkirchen.de\/?page_id=653","title":{"rendered":"B\u00e4derbetrieb"},"content":{"rendered":"\n<p><\/p>\n\n\n\n<p class=\"has-text-align-left has-medium-font-size\"><strong>Das Sonnenbrinkbad &#8211; schl\u00e4gt Wellen f\u00fcr Obernkirchen<\/strong><\/p>\n\n\n\n<p>Nachdem der Rat der Stadt Obernkirchen in seiner Sitzung im Dezember 2020 die \u201esteueroptimierte Rekommunalisierung des Sonnenbrinkbades\u201c beschlossen hatte, entschied die Gesellschafterversammlung der OSB, ihren Gesellschaftszweck um die Sparte \u201eB\u00e4derbetrieb\u201c zu erweitern.<\/p>\n\n\n\n<p>(Einen \u00dcberblick \u00fcber die aktuellen Aufgaben der OSB sehen Sie unter \u201eWir \u00fcber uns\u201c).<\/p>\n\n\n\n<p>Der Betreibervertrag f\u00fcr das Sonnenbrinkbad mit der Stadt Obernkirchen wurde am 14.10.2021 unterzeichnet; die Betriebsaufnahme erfolgte zum 01.01.2022.<\/p>\n\n\n\n<p>Eine ausf\u00fchrliche Vorstellung unseres Bades finden Sie unter <a href=\"http:\/\/www.sonnenbrinkbad.de\">www.sonnenbrinkbad.de<\/a>.<\/p>\n\n\n\n<p class=\"has-text-align-left\"><strong>Wir freuen uns darauf, Sie auch in der kommenden Badesaison als Gast begr\u00fc\u00dfen zu d\u00fcrfen!<\/strong><\/p>\n","protected":false},"excerpt":{"rendered":"<p>Das Sonnenbrinkbad &#8211; schl\u00e4gt Wellen f\u00fcr Obernkirchen Nachdem der Rat der Stadt Obernkirchen in seiner Sitzung im Dezember 2020 die \u201esteueroptimierte Rekommunalisierung des Sonnenbrinkbades\u201c beschlossen hatte, entschied die Gesellschafterversammlung der OSB, ihren Gesellschaftszweck um die Sparte \u201eB\u00e4derbetrieb\u201c zu erweitern. (Einen \u00dcberblick \u00fcber die aktuellen Aufgaben der OSB sehen Sie unter \u201eWir \u00fcber uns\u201c). Der Betreibervertrag f\u00fcr das Sonnenbrinkbad mit der Stadt Obernkirchen wurde am 14.10.2021 unterzeichnet; die Betriebsaufnahme erfolgte zum 01.01.2022. Eine ausf\u00fchrliche Vorstellung unseres Bades finden Sie unter www.sonnenbrinkbad.de. Wir freuen uns darauf, Sie auch in der kommenden Badesaison als Gast begr\u00fc\u00dfen zu d\u00fcrfen!<\/p>\n","protected":false},"author":3,"featured_media":0,"parent":0,"menu_order":0,"comment_status":"closed","ping_status":"closed","template":"fullwidth.php","meta":{"jetpack_post_was_ever_published":false,"_mc_calendar":[]},"jetpack_sharing_enabled":true,"jetpack_shortlink":"https:\/\/wp.me\/P6yaA8-ax","_links":{"self":[{"href":"https:\/\/stadtentwicklung-obernkirchen.de\/index.php?rest_route=\/wp\/v2\/pages\/653"}],"collection":[{"href":"https:\/\/stadtentwicklung-obernkirchen.de\/index.php?rest_route=\/wp\/v2\/pages"}],"about":[{"href":"https:\/\/stadtentwicklung-obernkirchen.de\/index.php?rest_route=\/wp\/v2\/types\/page"}],"author":[{"embeddable":true,"href":"https:\/\/stadtentwicklung-obernkirchen.de\/index.php?rest_route=\/wp\/v2\/users\/3"}],"replies":[{"embeddable":true,"href":"https:\/\/stadtentwicklung-obernkirchen.de\/index.php?rest_route=%2Fwp%2Fv2%2Fcomments&post=653"}],"version-history":[{"count":4,"href":"https:\/\/stadtentwicklung-obernkirchen.de\/index.php?rest_route=\/wp\/v2\/pages\/653\/revisions"}],"predecessor-version":[{"id":1066,"href":"https:\/\/stadtentwicklung-obernkirchen.de\/index.php?rest_route=\/wp\/v2\/pages\/653\/revisions\/1066"}],"wp:attachment":[{"href":"https:\/\/stadtentwicklung-obernkirchen.de\/index.php?rest_route=%2Fwp%2Fv2%2Fmedia&parent=653"}],"curies":[{"name":"wp","href":"https:\/\/api.w.org\/{rel}","templated":true}]}}