{"id":683,"date":"2022-09-19T12:55:37","date_gmt":"2022-09-19T12:55:37","guid":{"rendered":"http:\/\/stadtentwicklung-obernkirchen.de\/?page_id=683"},"modified":"2022-10-06T20:08:04","modified_gmt":"2022-10-06T20:08:04","slug":"beteiligungen-energiewirtschaft","status":"publish","type":"page","link":"https:\/\/stadtentwicklung-obernkirchen.de\/?page_id=683","title":{"rendered":"Beteiligungen\/ Energiewirtschaft"},"content":{"rendered":"\n<p><\/p>\n\n\n\n<p class=\"has-black-color has-text-color\" style=\"font-size:22px\"><strong>Beteiligungen der OSB GmbH<\/strong><\/p>\n\n\n\n<p>Wie der Name\u00a0<strong>Obernkirchener Stadtentwicklungs-\u00a0 und\u00a0<u>Beteiligung<\/u>sgesellschaft<\/strong>\u00a0bereits besagt, war einer der Gr\u00fcnde f\u00fcr ihre Errichtung die B\u00fcndelung der st\u00e4dtischen Beteiligungen.<\/p>\n\n\n\n<p style=\"font-size:18px\"><strong>Aktuell h\u00e4lt die OSB folgende Gesch\u00e4ftsanteile:<\/strong><\/p>\n\n\n\n<p>1.&nbsp;&nbsp;&nbsp;&nbsp;&nbsp;&nbsp;&nbsp;&nbsp; Kreiswohnungsgesellschaft mbH Schaumburg (7,9%)<\/p>\n\n\n\n<p>2.&nbsp;&nbsp;&nbsp;&nbsp;&nbsp;&nbsp;&nbsp;&nbsp; Westfalen Weser Energie GmbH &amp; Co. KG (0,997%))<\/p>\n\n\n\n<p>3.&nbsp;&nbsp;&nbsp;&nbsp;&nbsp;&nbsp;&nbsp;&nbsp; Rinteln-Stadthagener-Verkehrs GmbH (9,5%)<\/p>\n\n\n\n<p>4.&nbsp;&nbsp;&nbsp;&nbsp;&nbsp;&nbsp;&nbsp;&nbsp; Stadtwerke Schaumburg Lippe GmbH (4,9%)<\/p>\n\n\n\n<p>5.&nbsp;&nbsp;&nbsp;&nbsp;&nbsp;&nbsp;&nbsp;&nbsp; Energieagentur Schaumburg gGmbH (0,92 %)<\/p>\n\n\n\n<p>Dar\u00fcber hinaus besteht auch eine (marginale) Genossenschaftseinlage an der Volksbank in Schaumburg eG.<\/p>\n\n\n\n<p>Die Dividenden der beiden Energieversorger tragen das Gesch\u00e4ft der OSB: Die Westfalen Weser Energie GmbH &amp; Co. KG erwirtschaftet diese ganz \u00fcberwiegend im Stromnetzbetrieb durch das Tochterunternehmen Westfalen Weser Netz GmbH und die Stadtwerke Schaumburg Lippe GmbH mit dem lokalen Vertrieb f\u00fcr Strom, Gas und Wasser sowie dem Netzbetrieb f\u00fcr die beiden letztgenannten Medien.<\/p>\n\n\n\n<p>\u00dcber die WWE-Beteiligung ist auch der steueroptimierte Betrieb des <strong>Sonnenbrinkbades<\/strong> m\u00f6glich (siehe auch <a href=\"https:\/\/sonnenbrinkbad.de\/osb-gmbh\">https:\/\/sonnenbrinkbad.de\/osb-gmbh<\/a>).<\/p>\n\n\n\n<p>Die sich im Verlaufe des Jahres 2022 weiter zuspitzende Energiekrise zeigt deutlich, dass die bisherigen Schritte zur regenerativen Energiegewinnung einer dringenden Intensivierung bed\u00fcrfen.<\/p>\n\n\n\n<p><strong>Alle f\u00fcr die OSB verantwortlich Zeichnenden haben die umweltfreundliche Stromerzeugung als neues, auf- und auszubauendes Gesch\u00e4ftsfeld bestimmt.<\/strong><\/p>\n\n\n\n<p>Dementsprechend wird die OSB sukzessive in die Stromproduktion durch Photovoltaik \u2013 auf Dachfl\u00e4chen ihrer Geb\u00e4ude und auf Freifl\u00e4chen \u2013 eintreten.<\/p>\n\n\n\n<p>Die bisherige Beteiligungssparte wird so in die Sparte \u201eBeteiligungen\/Energiewirtschaft\u201c transformiert.<\/p>\n","protected":false},"excerpt":{"rendered":"<p>Beteiligungen der OSB GmbH Wie der Name\u00a0Obernkirchener Stadtentwicklungs-\u00a0 und\u00a0Beteiligungsgesellschaft\u00a0bereits besagt, war einer der Gr\u00fcnde f\u00fcr ihre Errichtung die B\u00fcndelung der st\u00e4dtischen Beteiligungen. Aktuell h\u00e4lt die OSB folgende Gesch\u00e4ftsanteile: 1.&nbsp;&nbsp;&nbsp;&nbsp;&nbsp;&nbsp;&nbsp;&nbsp; Kreiswohnungsgesellschaft mbH Schaumburg (7,9%) 2.&nbsp;&nbsp;&nbsp;&nbsp;&nbsp;&nbsp;&nbsp;&nbsp; Westfalen Weser Energie GmbH &amp; Co. KG (0,997%)) 3.&nbsp;&nbsp;&nbsp;&nbsp;&nbsp;&nbsp;&nbsp;&nbsp; Rinteln-Stadthagener-Verkehrs GmbH (9,5%) 4.&nbsp;&nbsp;&nbsp;&nbsp;&nbsp;&nbsp;&nbsp;&nbsp; Stadtwerke Schaumburg Lippe GmbH (4,9%) 5.&nbsp;&nbsp;&nbsp;&nbsp;&nbsp;&nbsp;&nbsp;&nbsp; Energieagentur Schaumburg gGmbH (0,92 %) Dar\u00fcber hinaus besteht auch eine (marginale) Genossenschaftseinlage an der Volksbank in Schaumburg eG. Die Dividenden der beiden Energieversorger tragen das Gesch\u00e4ft der OSB: Die Westfalen Weser Energie GmbH &amp; Co. KG erwirtschaftet diese ganz \u00fcberwiegend im Stromnetzbetrieb durch das Tochterunternehmen Westfalen Weser Netz GmbH und die Stadtwerke Schaumburg Lippe GmbH mit dem<\/p>\n","protected":false},"author":3,"featured_media":0,"parent":0,"menu_order":0,"comment_status":"closed","ping_status":"closed","template":"fullwidth.php","meta":{"jetpack_post_was_ever_published":false,"_mc_calendar":[]},"jetpack_sharing_enabled":true,"jetpack_shortlink":"https:\/\/wp.me\/P6yaA8-b1","_links":{"self":[{"href":"https:\/\/stadtentwicklung-obernkirchen.de\/index.php?rest_route=\/wp\/v2\/pages\/683"}],"collection":[{"href":"https:\/\/stadtentwicklung-obernkirchen.de\/index.php?rest_route=\/wp\/v2\/pages"}],"about":[{"href":"https:\/\/stadtentwicklung-obernkirchen.de\/index.php?rest_route=\/wp\/v2\/types\/page"}],"author":[{"embeddable":true,"href":"https:\/\/stadtentwicklung-obernkirchen.de\/index.php?rest_route=\/wp\/v2\/users\/3"}],"replies":[{"embeddable":true,"href":"https:\/\/stadtentwicklung-obernkirchen.de\/index.php?rest_route=%2Fwp%2Fv2%2Fcomments&post=683"}],"version-history":[{"count":6,"href":"https:\/\/stadtentwicklung-obernkirchen.de\/index.php?rest_route=\/wp\/v2\/pages\/683\/revisions"}],"predecessor-version":[{"id":1047,"href":"https:\/\/stadtentwicklung-obernkirchen.de\/index.php?rest_route=\/wp\/v2\/pages\/683\/revisions\/1047"}],"wp:attachment":[{"href":"https:\/\/stadtentwicklung-obernkirchen.de\/index.php?rest_route=%2Fwp%2Fv2%2Fmedia&parent=683"}],"curies":[{"name":"wp","href":"https:\/\/api.w.org\/{rel}","templated":true}]}}